{"id":46895,"date":"2021-09-08T09:40:45","date_gmt":"2021-09-08T13:40:45","guid":{"rendered":"https:\/\/www.scrapehero.com\/store\/product\/intermarche-express-store-locations-in-france\/"},"modified":"2026-04-11T21:56:41","modified_gmt":"2026-04-12T01:56:41","slug":"intermarche-express-store-locations-in-france","status":"publish","type":"product","link":"https:\/\/www.scrapehero.com\/store\/product\/intermarche-express-store-locations-in-france\/","title":{"rendered":"Intermarch\u00e9 Express retail store locations in France"},"content":{"rendered":"<p>Complete list of all Intermarch\u00e9 Express retail store locations in France with geocoded address, phone number, open hours etc for instant download.<\/p>\n<p>This dataset is a subset of <a href=\"https:\/\/www.scrapehero.com\/store\/?p=45149\">Intermarch\u00e9<\/a><\/p>\n<h3>Intermarch\u00e9 Express retail store list on the map<\/h3>\n<p><a href=\"https:\/\/www.scrapehero.com\/store\/wp-content\/uploads\/maps\/Intermarch\u00e9_Express_France.png\" target=\"_blank\" rel=\"noopener noreferrer\"><br \/>\n    <img decoding=\"async\" src=\"https:\/\/www.scrapehero.com\/store\/wp-content\/uploads\/maps\/Intermarch\u00e9_Express_France_100dpi.png\" alt=\"Intermarch\u00e9 Express retail store locations\" \/><\/a><\/p>\n<h3>Fields included in the Intermarch\u00e9 Express retail store location database<\/h3>\n<ul class=\"avail-fields\" style=\"overflow: auto;margin: 0px 0px 10px 0px\">\n<li style=\"width: 33%\">Store No.<\/li>\n<li style=\"width: 33%\">Country<\/li>\n<li style=\"width: 33%\">Latitude<\/li>\n<li style=\"width: 33%\">Name<\/li>\n<li style=\"width: 33%\">Zip Code<\/li>\n<li style=\"width: 33%\">Longitude<\/li>\n<li style=\"width: 33%\">Provider<\/li>\n<li style=\"width: 33%\">Address<\/li>\n<li style=\"width: 33%\">URL<\/li>\n<li style=\"width: 33%\">Street<\/li>\n<li style=\"width: 33%\">Phone<\/li>\n<li style=\"width: 33%\">Status<\/li>\n<li style=\"width: 33%\">City<\/li>\n<li style=\"width: 33%\">Open Hours<\/li>\n<li style=\"width: 33%\">Updated Date<\/li>\n<li style=\"width: 33%\">State<\/li>\n<li style=\"width: 33%\">Direction URL<\/li>\n<li style=\"width: 33%\">Email<\/li>\n<\/ul>\n","protected":false},"excerpt":{"rendered":"<p><strong>Number of locations available for download in this dataset are<\/strong> 142.<strong><br \/>\nThis data set was last updated on <\/strong>June 15, 2022.<\/p>\n","protected":false},"featured_media":46894,"comment_status":"open","ping_status":"closed","template":"","meta":{"_acf_changed":false},"product_brand":[],"product_cat":[23,233],"product_tag":[],"class_list":{"0":"post-46895","1":"product","2":"type-product","3":"status-publish","4":"has-post-thumbnail","6":"product_cat-all-stores","7":"product_cat-supermarkets-grocery-stores","9":"first","10":"instock","11":"downloadable","12":"virtual","13":"sold-individually","14":"purchasable","15":"product-type-simple"},"acf":{"map_color":"","seo_title":"List of all Intermarch\u00e9 Express retail store locations in France","seo_description":"Complete list of all Intermarch\u00e9 Express retail store locations in France with geocoded address, phone number and open hours for instant download","map_url":"https:\/\/www.scrapehero.com\/store\/wp-content\/uploads\/maps\/Intermarch\u00e9_Express_France.png","sample_url":"https:\/\/www.scrapehero.com\/store\/wp-content\/uploads\/sxaf72\/Intermarch\u00e9_Express_France_sample.csv","number_of_records":"142","country":"France","provider_name":"Intermarch\u00e9 Express","jsonld_description":"Complete list of all Intermarch\u00e9 Express retail store locations in France with geocoded address, phone number, open hours etc for instant download. Number of locations available for download in this dataset are 142. This data set was last updated on June 15, 2022."},"yoast_head":"<!-- This site is optimized with the Yoast SEO plugin v27.3 - https:\/\/yoast.com\/product\/yoast-seo-wordpress\/ -->\n<title>List of all Intermarch\u00e9 Express retail store locations in France - ScrapeHero Data Store<\/title>\n<meta name=\"description\" content=\"Complete list of all Intermarch\u00e9 Express retail store locations in France with geocoded address, phone number and open hours for instant download\" \/>\n<meta name=\"robots\" content=\"index, follow, max-snippet:-1, max-image-preview:large, max-video-preview:-1\" \/>\n<link rel=\"canonical\" href=\"https:\/\/www.scrapehero.com\/store\/product\/intermarche-express-store-locations-in-france\/\" \/>\n<meta property=\"og:locale\" content=\"en_US\" \/>\n<meta property=\"og:type\" content=\"article\" \/>\n<meta property=\"og:title\" content=\"List of all Intermarch\u00e9 Express retail store locations in France - ScrapeHero Data Store\" \/>\n<meta property=\"og:description\" content=\"Complete list of all Intermarch\u00e9 Express retail store locations in France with geocoded address, phone number and open hours for instant download\" \/>\n<meta property=\"og:url\" content=\"https:\/\/www.scrapehero.com\/store\/product\/intermarche-express-store-locations-in-france\/\" \/>\n<meta property=\"og:site_name\" content=\"ScrapeHero Data Store\" \/>\n<meta property=\"article:modified_time\" content=\"2026-04-12T01:56:41+00:00\" \/>\n<meta property=\"og:image\" content=\"https:\/\/www.scrapehero.com\/store\/wp-content\/uploads\/2021\/09\/Intermarche_Express_France.png\" \/>\n\t<meta property=\"og:image:width\" content=\"500\" \/>\n\t<meta property=\"og:image:height\" content=\"500\" \/>\n\t<meta property=\"og:image:type\" content=\"image\/png\" \/>\n<meta name=\"twitter:card\" content=\"summary_large_image\" \/>\n<meta name=\"twitter:site\" content=\"@scrapehero\" \/>\n<script type=\"application\/ld+json\" class=\"yoast-schema-graph\">{\"@context\":\"https:\\\/\\\/schema.org\",\"@graph\":[{\"@type\":\"WebPage\",\"@id\":\"https:\\\/\\\/www.scrapehero.com\\\/store\\\/product\\\/intermarche-express-store-locations-in-france\\\/\",\"url\":\"https:\\\/\\\/www.scrapehero.com\\\/store\\\/product\\\/intermarche-express-store-locations-in-france\\\/\",\"name\":\"List of all Intermarch\u00e9 Express retail store locations in France - ScrapeHero Data Store\",\"isPartOf\":{\"@id\":\"https:\\\/\\\/www.scrapehero.com\\\/store\\\/#website\"},\"primaryImageOfPage\":{\"@id\":\"https:\\\/\\\/www.scrapehero.com\\\/store\\\/product\\\/intermarche-express-store-locations-in-france\\\/#primaryimage\"},\"image\":{\"@id\":\"https:\\\/\\\/www.scrapehero.com\\\/store\\\/product\\\/intermarche-express-store-locations-in-france\\\/#primaryimage\"},\"thumbnailUrl\":\"https:\\\/\\\/www.scrapehero.com\\\/store\\\/wp-content\\\/uploads\\\/2021\\\/09\\\/Intermarche_Express_France.png\",\"datePublished\":\"2021-09-08T13:40:45+00:00\",\"dateModified\":\"2026-04-12T01:56:41+00:00\",\"description\":\"Complete list of all Intermarch\u00e9 Express retail store locations in France with geocoded address, phone number and open hours for instant download\",\"breadcrumb\":{\"@id\":\"https:\\\/\\\/www.scrapehero.com\\\/store\\\/product\\\/intermarche-express-store-locations-in-france\\\/#breadcrumb\"},\"inLanguage\":\"en-US\",\"potentialAction\":[{\"@type\":\"ReadAction\",\"target\":[\"https:\\\/\\\/www.scrapehero.com\\\/store\\\/product\\\/intermarche-express-store-locations-in-france\\\/\"]}]},{\"@type\":\"ImageObject\",\"inLanguage\":\"en-US\",\"@id\":\"https:\\\/\\\/www.scrapehero.com\\\/store\\\/product\\\/intermarche-express-store-locations-in-france\\\/#primaryimage\",\"url\":\"https:\\\/\\\/www.scrapehero.com\\\/store\\\/wp-content\\\/uploads\\\/2021\\\/09\\\/Intermarche_Express_France.png\",\"contentUrl\":\"https:\\\/\\\/www.scrapehero.com\\\/store\\\/wp-content\\\/uploads\\\/2021\\\/09\\\/Intermarche_Express_France.png\",\"width\":500,\"height\":500},{\"@type\":\"BreadcrumbList\",\"@id\":\"https:\\\/\\\/www.scrapehero.com\\\/store\\\/product\\\/intermarche-express-store-locations-in-france\\\/#breadcrumb\",\"itemListElement\":[{\"@type\":\"ListItem\",\"position\":1,\"name\":\"Home\",\"item\":\"https:\\\/\\\/www.scrapehero.com\\\/store\\\/\"},{\"@type\":\"ListItem\",\"position\":2,\"name\":\"All Datasets\",\"item\":\"https:\\\/\\\/www.scrapehero.com\\\/store\\\/shop\\\/\"},{\"@type\":\"ListItem\",\"position\":3,\"name\":\"Intermarch\u00e9 Express retail store locations in France\"}]},{\"@type\":\"WebSite\",\"@id\":\"https:\\\/\\\/www.scrapehero.com\\\/store\\\/#website\",\"url\":\"https:\\\/\\\/www.scrapehero.com\\\/store\\\/\",\"name\":\"ScrapeHero Data Store\",\"description\":\"Ready to use Data Sets are one click away\",\"publisher\":{\"@id\":\"https:\\\/\\\/www.scrapehero.com\\\/store\\\/#organization\"},\"potentialAction\":[{\"@type\":\"SearchAction\",\"target\":{\"@type\":\"EntryPoint\",\"urlTemplate\":\"https:\\\/\\\/www.scrapehero.com\\\/store\\\/?s={search_term_string}\"},\"query-input\":{\"@type\":\"PropertyValueSpecification\",\"valueRequired\":true,\"valueName\":\"search_term_string\"}}],\"inLanguage\":\"en-US\"},{\"@type\":\"Organization\",\"@id\":\"https:\\\/\\\/www.scrapehero.com\\\/store\\\/#organization\",\"name\":\"ScrapeHero\",\"url\":\"https:\\\/\\\/www.scrapehero.com\\\/store\\\/\",\"logo\":{\"@type\":\"ImageObject\",\"inLanguage\":\"en-US\",\"@id\":\"https:\\\/\\\/www.scrapehero.com\\\/store\\\/#\\\/schema\\\/logo\\\/image\\\/\",\"url\":\"https:\\\/\\\/www.scrapehero.com\\\/store\\\/wp-content\\\/uploads\\\/2018\\\/04\\\/For_Blue_BG_150_wspace.jpg\",\"contentUrl\":\"https:\\\/\\\/www.scrapehero.com\\\/store\\\/wp-content\\\/uploads\\\/2018\\\/04\\\/For_Blue_BG_150_wspace.jpg\",\"width\":150,\"height\":150,\"caption\":\"ScrapeHero\"},\"image\":{\"@id\":\"https:\\\/\\\/www.scrapehero.com\\\/store\\\/#\\\/schema\\\/logo\\\/image\\\/\"},\"sameAs\":[\"https:\\\/\\\/x.com\\\/scrapehero\"]}]}<\/script>\n<!-- \/ Yoast SEO plugin. -->","yoast_head_json":{"title":"List of all Intermarch\u00e9 Express retail store locations in France - ScrapeHero Data Store","description":"Complete list of all Intermarch\u00e9 Express retail store locations in France with geocoded address, phone number and open hours for instant download","robots":{"index":"index","follow":"follow","max-snippet":"max-snippet:-1","max-image-preview":"max-image-preview:large","max-video-preview":"max-video-preview:-1"},"canonical":"https:\/\/www.scrapehero.com\/store\/product\/intermarche-express-store-locations-in-france\/","og_locale":"en_US","og_type":"article","og_title":"List of all Intermarch\u00e9 Express retail store locations in France - ScrapeHero Data Store","og_description":"Complete list of all Intermarch\u00e9 Express retail store locations in France with geocoded address, phone number and open hours for instant download","og_url":"https:\/\/www.scrapehero.com\/store\/product\/intermarche-express-store-locations-in-france\/","og_site_name":"ScrapeHero Data Store","article_modified_time":"2026-04-12T01:56:41+00:00","og_image":[{"width":500,"height":500,"url":"https:\/\/www.scrapehero.com\/store\/wp-content\/uploads\/2021\/09\/Intermarche_Express_France.png","type":"image\/png"}],"twitter_card":"summary_large_image","twitter_site":"@scrapehero","schema":{"@context":"https:\/\/schema.org","@graph":[{"@type":"WebPage","@id":"https:\/\/www.scrapehero.com\/store\/product\/intermarche-express-store-locations-in-france\/","url":"https:\/\/www.scrapehero.com\/store\/product\/intermarche-express-store-locations-in-france\/","name":"List of all Intermarch\u00e9 Express retail store locations in France - ScrapeHero Data Store","isPartOf":{"@id":"https:\/\/www.scrapehero.com\/store\/#website"},"primaryImageOfPage":{"@id":"https:\/\/www.scrapehero.com\/store\/product\/intermarche-express-store-locations-in-france\/#primaryimage"},"image":{"@id":"https:\/\/www.scrapehero.com\/store\/product\/intermarche-express-store-locations-in-france\/#primaryimage"},"thumbnailUrl":"https:\/\/www.scrapehero.com\/store\/wp-content\/uploads\/2021\/09\/Intermarche_Express_France.png","datePublished":"2021-09-08T13:40:45+00:00","dateModified":"2026-04-12T01:56:41+00:00","description":"Complete list of all Intermarch\u00e9 Express retail store locations in France with geocoded address, phone number and open hours for instant download","breadcrumb":{"@id":"https:\/\/www.scrapehero.com\/store\/product\/intermarche-express-store-locations-in-france\/#breadcrumb"},"inLanguage":"en-US","potentialAction":[{"@type":"ReadAction","target":["https:\/\/www.scrapehero.com\/store\/product\/intermarche-express-store-locations-in-france\/"]}]},{"@type":"ImageObject","inLanguage":"en-US","@id":"https:\/\/www.scrapehero.com\/store\/product\/intermarche-express-store-locations-in-france\/#primaryimage","url":"https:\/\/www.scrapehero.com\/store\/wp-content\/uploads\/2021\/09\/Intermarche_Express_France.png","contentUrl":"https:\/\/www.scrapehero.com\/store\/wp-content\/uploads\/2021\/09\/Intermarche_Express_France.png","width":500,"height":500},{"@type":"BreadcrumbList","@id":"https:\/\/www.scrapehero.com\/store\/product\/intermarche-express-store-locations-in-france\/#breadcrumb","itemListElement":[{"@type":"ListItem","position":1,"name":"Home","item":"https:\/\/www.scrapehero.com\/store\/"},{"@type":"ListItem","position":2,"name":"All Datasets","item":"https:\/\/www.scrapehero.com\/store\/shop\/"},{"@type":"ListItem","position":3,"name":"Intermarch\u00e9 Express retail store locations in France"}]},{"@type":"WebSite","@id":"https:\/\/www.scrapehero.com\/store\/#website","url":"https:\/\/www.scrapehero.com\/store\/","name":"ScrapeHero Data Store","description":"Ready to use Data Sets are one click away","publisher":{"@id":"https:\/\/www.scrapehero.com\/store\/#organization"},"potentialAction":[{"@type":"SearchAction","target":{"@type":"EntryPoint","urlTemplate":"https:\/\/www.scrapehero.com\/store\/?s={search_term_string}"},"query-input":{"@type":"PropertyValueSpecification","valueRequired":true,"valueName":"search_term_string"}}],"inLanguage":"en-US"},{"@type":"Organization","@id":"https:\/\/www.scrapehero.com\/store\/#organization","name":"ScrapeHero","url":"https:\/\/www.scrapehero.com\/store\/","logo":{"@type":"ImageObject","inLanguage":"en-US","@id":"https:\/\/www.scrapehero.com\/store\/#\/schema\/logo\/image\/","url":"https:\/\/www.scrapehero.com\/store\/wp-content\/uploads\/2018\/04\/For_Blue_BG_150_wspace.jpg","contentUrl":"https:\/\/www.scrapehero.com\/store\/wp-content\/uploads\/2018\/04\/For_Blue_BG_150_wspace.jpg","width":150,"height":150,"caption":"ScrapeHero"},"image":{"@id":"https:\/\/www.scrapehero.com\/store\/#\/schema\/logo\/image\/"},"sameAs":["https:\/\/x.com\/scrapehero"]}]}},"_links":{"self":[{"href":"https:\/\/www.scrapehero.com\/store\/wp-json\/wp\/v2\/product\/46895","targetHints":{"allow":["GET"]}}],"collection":[{"href":"https:\/\/www.scrapehero.com\/store\/wp-json\/wp\/v2\/product"}],"about":[{"href":"https:\/\/www.scrapehero.com\/store\/wp-json\/wp\/v2\/types\/product"}],"replies":[{"embeddable":true,"href":"https:\/\/www.scrapehero.com\/store\/wp-json\/wp\/v2\/comments?post=46895"}],"wp:featuredmedia":[{"embeddable":true,"href":"https:\/\/www.scrapehero.com\/store\/wp-json\/wp\/v2\/media\/46894"}],"wp:attachment":[{"href":"https:\/\/www.scrapehero.com\/store\/wp-json\/wp\/v2\/media?parent=46895"}],"wp:term":[{"taxonomy":"product_brand","embeddable":true,"href":"https:\/\/www.scrapehero.com\/store\/wp-json\/wp\/v2\/product_brand?post=46895"},{"taxonomy":"product_cat","embeddable":true,"href":"https:\/\/www.scrapehero.com\/store\/wp-json\/wp\/v2\/product_cat?post=46895"},{"taxonomy":"product_tag","embeddable":true,"href":"https:\/\/www.scrapehero.com\/store\/wp-json\/wp\/v2\/product_tag?post=46895"}],"curies":[{"name":"wp","href":"https:\/\/api.w.org\/{rel}","templated":true}]}}